{"id":14,"date":"2016-05-23T06:31:57","date_gmt":"2016-05-23T04:31:57","guid":{"rendered":"http:\/\/centrofaoe.cluster020.hosting.ovh.net\/?page_id=14"},"modified":"2017-09-15T21:53:41","modified_gmt":"2017-09-15T19:53:41","slug":"divulgazione","status":"publish","type":"page","link":"https:\/\/www.centrofaunailpettirosso.it\/stage-woo\/divulgazione\/","title":{"rendered":"Divulgazione"},"content":{"rendered":"<h2>Uomo e Natura , un legame indissolubile &#8230; pena la fine di entrambi<\/h2>\n<p>\u00abNe furono protagonisti un mulo dell\u2019Asinara e un uomo che nell\u2019isola scontava un suo debito con la giustizia. Entrambi erano incaricati della quotidiana fatica di salire le pendici dei monti e dei boschi dell\u2019Asinara, per caricare legna da riportare alla cucina della Colonia dove l\u2019uomo era \u201cospite\u201d. Doveva l\u00ec scontare una condanna a vent\u2019anni, per assassinio, e poich\u00e9 s\u2019era dimostrato volenteroso e forte gli era stato affidato l\u2019incarico di raccogliere o tagliare legna per il bisogno quotidiano delle cucine.<\/p>\n<p>Giorno dopo giorno, fatica dopo fatica, lui e il mulo avevano lavorato insieme per diciotto anni. In silenzio, solitari. Al compiersi del diciottesimo anno di prigionia, all\u2019uomo, venne trasmessa la notizia che gli ultimi due anni di Colonia Penale gli venivano condonati per buona condotta. Poteva considerarsi libero, lasciare l\u2019isola.<\/p>\n<p>Chiese invece di restarvi e continuare il suo lavoro. Ma non fu possibile, al condono come alla condanna non ci si pu\u00f2 sottrarre. Chiese allora di acquistare il mulo, avrebbe continuato a lavorare con lui da qualche parte, sulle montagne di Sardegna. Offr\u00ec in pagamento tutto quanto aveva guadagnato e mai speso durante la prigionia (i detenuti ricevono un compenso per le mansioni svolte). Anche questo non fu possibile. L\u2019amministrazione della Colonia Penale, come tutti gli Enti Pubblici, non poteva vendere quel mulo. Si trattava di \u201cinalienabile bene dello Stato\u201d.<\/p>\n<p>Insistette, pianse, ma tutto fu inutile. La burocrazia fu come sempre inflessibile e invincibile. L\u2019uomo lasci\u00f2 l\u2019isola da solo. Nello stesso giorno, non vedendo apparire il suo padrone e compagno, il mulo rifiut\u00f2 il cibo. E continu\u00f2 a rifiutarlo nei giorni successivi. Nessuno riusc\u00ec a costringerlo. Dopo una settimana mor\u00ec.<\/p>\n<p>A quanto si seppe, anche l\u2019uomo, a pochi mesi dalla liberazione mor\u00ec, in carcere non si era mai ammalato, ma evidentemente quando si trov\u00f2 libero ma solo, il suo cuore cedette\u00bb<\/p>\n<p>Folco Quilici<\/p>\n","protected":false},"excerpt":{"rendered":"<p>Uomo e Natura , un legame indissolubile &#8230; pena la fine di entrambi \u00abNe furono protagonisti un mulo dell\u2019Asinara e un uomo che nell\u2019isola scontava un suo debito con la&#8230;<\/p>\n","protected":false},"author":1,"featured_media":0,"parent":0,"menu_order":0,"comment_status":"closed","ping_status":"closed","template":"","meta":{"footnotes":""},"class_list":["post-14","page","type-page","status-publish"],"_links":{"self":[{"href":"https:\/\/www.centrofaunailpettirosso.it\/stage-woo\/wp-json\/wp\/v2\/pages\/14","targetHints":{"allow":["GET"]}}],"collection":[{"href":"https:\/\/www.centrofaunailpettirosso.it\/stage-woo\/wp-json\/wp\/v2\/pages"}],"about":[{"href":"https:\/\/www.centrofaunailpettirosso.it\/stage-woo\/wp-json\/wp\/v2\/types\/page"}],"author":[{"embeddable":true,"href":"https:\/\/www.centrofaunailpettirosso.it\/stage-woo\/wp-json\/wp\/v2\/users\/1"}],"replies":[{"embeddable":true,"href":"https:\/\/www.centrofaunailpettirosso.it\/stage-woo\/wp-json\/wp\/v2\/comments?post=14"}],"version-history":[{"count":3,"href":"https:\/\/www.centrofaunailpettirosso.it\/stage-woo\/wp-json\/wp\/v2\/pages\/14\/revisions"}],"predecessor-version":[{"id":3759,"href":"https:\/\/www.centrofaunailpettirosso.it\/stage-woo\/wp-json\/wp\/v2\/pages\/14\/revisions\/3759"}],"wp:attachment":[{"href":"https:\/\/www.centrofaunailpettirosso.it\/stage-woo\/wp-json\/wp\/v2\/media?parent=14"}],"curies":[{"name":"wp","href":"https:\/\/api.w.org\/{rel}","templated":true}]}}