{"id":2703,"date":"2016-10-23T10:57:30","date_gmt":"2016-10-23T08:57:30","guid":{"rendered":"http:\/\/centrofaoe.cluster020.hosting.ovh.net\/?page_id=2703"},"modified":"2018-06-14T09:04:49","modified_gmt":"2018-06-14T07:04:49","slug":"emergenze","status":"publish","type":"page","link":"https:\/\/www.centrofaunailpettirosso.it\/stage-woo\/emergenze\/","title":{"rendered":"Emergenze"},"content":{"rendered":"<div class=\"post-headline\">\n<h1>EMERGENZE<\/h1>\n<\/div>\n<div class=\"post-bodycopy clearfix\">\n<p>Cari amici degli animali, ci rivolgiamo a voi che ci chiedete informazioni su come tirare su o allevare il piccolo amico che avete trovato, che pu\u00f2 essere un pulcino o un cucciolo, di fauna selvatica:<\/p>\n<p>La fauna \u00e8 tutelata dalle leggi nazionali e regionali che avvisano di contattare, al ritrovamento, l\u2019Amministrazione Provinciale o un Centro di recupero fauna. Questo perch\u00e9 <strong>la propriet\u00e0 dell\u2019animale selvatico \u00e8 dello Stato, e le leggi che le tutelano sono molto severe<\/strong>.<\/p>\n<p>Ma ancora pi\u00f9 importante per noi \u00e8 <strong>la salute e la tutela dell\u2019animale<\/strong>: se non si ha n\u00e9 il tempo sufficiente da dedicargli in questa fase fondamentale per assisterlo n\u00e9 l\u2019esperienza per accudirlo, <strong>si rischia di fargli solo del male e<\/strong> <em><strong>portarlo ad un centro successivamente potrebbe essere inutile perch\u00e9 troppo tardi<\/strong>.<\/em><\/p>\n<p>Un animale, male alimentato o imprintato, lo si condanna a morire ed ad essere pericoloso per lui e per la gente che gli star\u00e0 intorno (non tutti possono avere il vostro buon cuore). \u00c8 un animale che non sapr\u00e0 cacciare, non sapr\u00e0 di chi fidarsi o da chi guardarsi, non sapr\u00e0 a che specie appartiene e, non sapendo come comportarsi con i propri simili, potrebbe rischiare di venire ucciso proprio da loro: insomma, sar\u00e0 un animale facile preda per tutti.<\/p>\n<p>Se veramente siete interessati ed avete voglia di completare l\u2019opera di salvataggio del vostro amico, potrete farlo presso il Centro sotto la guida di operatori e volontari esperti, ed insieme a loro lo potrete seguire fino al momento della liberazione. Questo \u00e8 il vero amore per gli animali!<\/p>\n<p>&nbsp;<\/p>\n<p><strong><big>Per emergenze telefonare al 339-8183676 &#8211; 339-3535192 oppure 112<br \/>\n<\/big><\/strong><\/p>\n<\/div>\n","protected":false},"excerpt":{"rendered":"<p>EMERGENZE Cari amici degli animali, ci rivolgiamo a voi che ci chiedete informazioni su come tirare su o allevare il piccolo amico che avete trovato, che pu\u00f2 essere un pulcino&#8230;<\/p>\n","protected":false},"author":3,"featured_media":0,"parent":0,"menu_order":0,"comment_status":"closed","ping_status":"closed","template":"","meta":{"footnotes":""},"class_list":["post-2703","page","type-page","status-publish"],"_links":{"self":[{"href":"https:\/\/www.centrofaunailpettirosso.it\/stage-woo\/wp-json\/wp\/v2\/pages\/2703","targetHints":{"allow":["GET"]}}],"collection":[{"href":"https:\/\/www.centrofaunailpettirosso.it\/stage-woo\/wp-json\/wp\/v2\/pages"}],"about":[{"href":"https:\/\/www.centrofaunailpettirosso.it\/stage-woo\/wp-json\/wp\/v2\/types\/page"}],"author":[{"embeddable":true,"href":"https:\/\/www.centrofaunailpettirosso.it\/stage-woo\/wp-json\/wp\/v2\/users\/3"}],"replies":[{"embeddable":true,"href":"https:\/\/www.centrofaunailpettirosso.it\/stage-woo\/wp-json\/wp\/v2\/comments?post=2703"}],"version-history":[{"count":3,"href":"https:\/\/www.centrofaunailpettirosso.it\/stage-woo\/wp-json\/wp\/v2\/pages\/2703\/revisions"}],"predecessor-version":[{"id":4110,"href":"https:\/\/www.centrofaunailpettirosso.it\/stage-woo\/wp-json\/wp\/v2\/pages\/2703\/revisions\/4110"}],"wp:attachment":[{"href":"https:\/\/www.centrofaunailpettirosso.it\/stage-woo\/wp-json\/wp\/v2\/media?parent=2703"}],"curies":[{"name":"wp","href":"https:\/\/api.w.org\/{rel}","templated":true}]}}