{"id":2713,"date":"2016-10-23T11:06:11","date_gmt":"2016-10-23T09:06:11","guid":{"rendered":"http:\/\/centrofaoe.cluster020.hosting.ovh.net\/?page_id=2713"},"modified":"2023-10-30T16:53:00","modified_gmt":"2023-10-30T15:53:00","slug":"itinerari-didattici","status":"publish","type":"page","link":"https:\/\/www.centrofaunailpettirosso.it\/stage-woo\/itinerari-didattici\/","title":{"rendered":"Itinerari didattici"},"content":{"rendered":"[vc_row type=&#8221;in_container&#8221; scene_position=&#8221;center&#8221; text_color=&#8221;dark&#8221; text_align=&#8221;left&#8221; overlay_strength=&#8221;0.3&#8243;][vc_column column_padding=&#8221;no-extra-padding&#8221; column_padding_position=&#8221;all&#8221; background_color_opacity=&#8221;1&#8243; background_hover_color_opacity=&#8221;1&#8243; width=&#8221;1\/1&#8243;][vc_column_text]\n<div class=\"post-headline\">\n<h1>Itinerari didattici<\/h1>\n<\/div>\n<div class=\"post-bodycopy clearfix\">\n<p><strong>Per Asili Scuole e Centri Estivi:<\/strong><\/p>\n<p>&nbsp;<\/p>\n<p>Presso le sedi didattiche o nei giardini degli stessi si organizzano percorsi didattici per tutte le et\u00e0 utilizzando materiale biologico illustrando i vari stadi della vita di caprioli istrici rettili rapaci diurni ed notturni ecc.. imparando a conoscere le differenze morfologiche tra esemplari della stessa specie ma di diverso sesso.<\/p>\n<p>Prendere contatto con il 339.8183676<\/p>\n<p><strong>Con le mani. (percorso didattico rivolto ai non vedenti)<\/strong><\/p>\n<p>Iniziativa didattica e non di pet terapy, unica in Italia, \u201c<strong>Animali con le mani<\/strong>\u201d.<\/p>\n<p>Si tratta molto semplicemente di far conoscere ai bambini non vedenti, gli animali selvatici di cui hanno sempre sentito parlare nelle fiabe o dagli amici all\u2019asilo. Ora grazie a questa iniziativa potranno <strong>conoscerli toccandoli con le mani<\/strong>.\u00a0 Il progetto si avvarr\u00e0 di animali selezionati dal Centro in modo che ci sia la certezza che gli esemplari individuati, siano assolutamente innocui, oltre alla garanzia di mantenere il massimo rispetto nei confronti\u00a0 dell\u2019animale. A questo proposito verranno utilizzati animali fortemente abituati all\u2019uomo, in modo che l\u2019animale non si stressi per la presenza ed il contatto con l\u2019uomo, in modo da non venire meno alle nostre regole statutarie.<\/p>\n<p>Cos\u00ec anche questi bambini potranno conoscere, ricci, volpi, caprioli, cervi, ecc<\/p>\n<p>Iniziativa realizzata con la collaborazione dell\u2019Unioni Ciechi Italiana Coordinamento provinciale di Modena<\/p>\n<p>E con il Patrocinio della Provincia di Modena<\/p>\n<p>Per qualsiasi informazione<\/p>\n<p>3398183676<\/p>\n<p>info@centrofaunailpettirosso.it<\/p>\n<p>Ecco una testimonianza di una nostra visitatrice:<\/p>\n<blockquote><p><em>Con curiosit\u00e0 e un p\u00f2 di paura , ho accettato di visitare il Centro di fauna selvatica \u201cIl pettirosso\u201d. B\u00e8! devo dire che \u00e8 stata un\u2019esperienza fantastica. Mai pi\u00f9 pensavo di toccare dal vivo animali come l\u2019istrice, la volpe, daini, cervi, tartarughe, ricci, cinghiali ecc. Animali che noi ciechi abbiamo solo letto sui libri o fatto raccontare da qualcuno. Toccare con mano \u00e8 tutto un\u2019altra cosa, un\u2019emozione bellissima che consiglio come esperienza da fare. Le sensazioni sono tante che descriverle \u00e8 impossibile. Consiglio questa esperienza specialmente ai bambini. Lo staff del Centro \u00e8 qualificato e disponibilissimo per una visita guidata in tutta sicurezza. Il divertimento \u00e8 assicurato!.<\/em><br \/>\n<em>Saluti, Rossella.<\/em><\/p><\/blockquote>\n<p><strong>L\u2019itinerario dei \u201cPerch\u00e8?\u201d<\/strong><\/p>\n<p>Quante sono le<strong> domande dei bambini<\/strong> sugli animali e spesso neppure la mamma o il pap\u00e0 ne conoscono le risposte:<\/p>\n<ul>\n<li>perch\u00e9 bambi non ha le corna e come crescono?<\/li>\n<li>l\u2019istrice tira gli aghi?<\/li>\n<li>Cosa mangia un gufo?<\/li>\n<li>Perch\u00e9 il serpente cambia la pelle?<\/li>\n<\/ul>\n<p>E tante altre domande che a volte restano senza risposte, un\u2019 aiuto ora lo si pu\u00f2 avere percorrendo questo <strong>itinerario<\/strong>\u2026<\/p>\n<p>L\u2019itinerario si pu\u00f2 sviluppare<strong> in un bosco<\/strong> o <strong>in un giardino di una scuola<\/strong>, di <strong>un centro estivo<\/strong>, dove i cespugli gli alberi un prato sono le tappe dove vengono posizionate le tracce biologiche degli animali.<\/p>\n<p>Un palco di corna di cervo, daino o capriolo, pi\u00f9 avanti troviamo una pelle di serpente, sotto ad un\u2019 albero troviamo delle penne e delle piume di un rapace notturno o diurno sotto ad un altro albero ci sono delle borre di rapace. Pi\u00f9 avanti sotto ad un cespuglio troviamo degli aghi d\u2019istrice, e cos\u00ec i bambini seguono nella scoperta delle cose il volontario del Centro Il pettirosso che spiega il perch\u00e9 delle scoperte che si trovano nell\u2019itinerario precedentemente preparato\u2026<\/p>\n<p>Per info e prenotazioni: cell. 339.8183676 \u2013 <a href=\"mailto:info@centrofaunailpettirosso.it\">info@centrofaunailpettirosso.it<\/a><\/p>\n<\/div>\n[\/vc_column_text][\/vc_column][\/vc_row]\n","protected":false},"excerpt":{"rendered":"<p>[vc_row type=&#8221;in_container&#8221; scene_position=&#8221;center&#8221; text_color=&#8221;dark&#8221; text_align=&#8221;left&#8221; overlay_strength=&#8221;0.3&#8243;][vc_column column_padding=&#8221;no-extra-padding&#8221; column_padding_position=&#8221;all&#8221; background_color_opacity=&#8221;1&#8243; background_hover_color_opacity=&#8221;1&#8243; width=&#8221;1\/1&#8243;][vc_column_text] Itinerari didattici Per Asili Scuole e Centri Estivi: &nbsp; Presso le sedi didattiche o nei giardini degli stessi si&#8230;<\/p>\n","protected":false},"author":3,"featured_media":0,"parent":0,"menu_order":0,"comment_status":"closed","ping_status":"closed","template":"","meta":{"footnotes":""},"class_list":["post-2713","page","type-page","status-publish"],"_links":{"self":[{"href":"https:\/\/www.centrofaunailpettirosso.it\/stage-woo\/wp-json\/wp\/v2\/pages\/2713","targetHints":{"allow":["GET"]}}],"collection":[{"href":"https:\/\/www.centrofaunailpettirosso.it\/stage-woo\/wp-json\/wp\/v2\/pages"}],"about":[{"href":"https:\/\/www.centrofaunailpettirosso.it\/stage-woo\/wp-json\/wp\/v2\/types\/page"}],"author":[{"embeddable":true,"href":"https:\/\/www.centrofaunailpettirosso.it\/stage-woo\/wp-json\/wp\/v2\/users\/3"}],"replies":[{"embeddable":true,"href":"https:\/\/www.centrofaunailpettirosso.it\/stage-woo\/wp-json\/wp\/v2\/comments?post=2713"}],"version-history":[{"count":3,"href":"https:\/\/www.centrofaunailpettirosso.it\/stage-woo\/wp-json\/wp\/v2\/pages\/2713\/revisions"}],"predecessor-version":[{"id":5809,"href":"https:\/\/www.centrofaunailpettirosso.it\/stage-woo\/wp-json\/wp\/v2\/pages\/2713\/revisions\/5809"}],"wp:attachment":[{"href":"https:\/\/www.centrofaunailpettirosso.it\/stage-woo\/wp-json\/wp\/v2\/media?parent=2713"}],"curies":[{"name":"wp","href":"https:\/\/api.w.org\/{rel}","templated":true}]}}