{"id":2715,"date":"2016-10-23T11:06:50","date_gmt":"2016-10-23T09:06:50","guid":{"rendered":"http:\/\/centrofaoe.cluster020.hosting.ovh.net\/?page_id=2715"},"modified":"2017-02-05T20:26:04","modified_gmt":"2017-02-05T19:26:04","slug":"speciale-scuole","status":"publish","type":"page","link":"https:\/\/www.centrofaunailpettirosso.it\/stage-woo\/speciale-scuole\/","title":{"rendered":"Speciale scuole"},"content":{"rendered":"<p>Il Centro Fauna Selvatica il Pettirosso sorge su un\u2019ampia area verde all\u2019interno della quale le strutture costruite in base alle recenti norme regionali, ospitano diversi esemplari di fauna selvatica autoctona. Per la maggior parte di questi esemplari la permanenza \u00e8 temporanea, limitata essenzialmente al tempo necessario per tornare ad essere autosufficiente ed idonea ad una vita in libert\u00e0. Una minima parte resta al centro in quanto non sopravvivrebbe in libert\u00e0 in quanto le patologie che hanno sono permanenti. Il progetto ha come finalit\u00e0 di promuovere nei bambini il rispetto per gli animali e fargli scoprire l\u2019amore per quelli che non vedono mai ed a volte non ne conoscono neppure l\u2019esistenza avendone paura o diffidenza quando li incontrano.<\/p>\n<p>Si offre un\u2019esperienza che contribuir\u00e0 a formare un bagaglio culturale utile all\u2019identit\u00e0 dei bambini nel rapporto uomo \u2013 animale , oltre a dare informazioni utili su cosa si deve fare quando si incontra un\u2019animale ferito o in difficolt\u00e0, aiutandoli cos\u00ec a responsabilizzarsi. Nel Centro si possono vedere animali come caprioli, daini, tassi, volpi, istrici, cinghiali, ricci, tartarughe, lepri, poiane, gufi, gufi reali, allocchi, anatre, cigni, aironi, pipistrelli, rondini, rondoni, pettirossi, cince, scoiattoli, ghiri, ecc. I bambini in assoluto silenzio avranno la possibilit\u00e0 di osservare questi animali che ogni giorno si muovono intorno a noi correndo tra i rami o volando da un albero ad un\u2019altro o pi\u00f9 semplicemente nei prati o cespugli dei nostri parchi.<\/p>\n<p>Invito aperto da Settembre a maggio a tutte le scuole d\u2019infanzia e primarie fino alla 3\u00b0 classe, della provincia di Modena e non solo.<\/p>\n<p>Il trasporto \u00e8 a carico della scuola ( corriera di linea Modena \u2013 Nonantola), la durata del percorso pu\u00f2 variare da 1,30 a 2,00 ore. La prenotazione deve essere indicata negli spazi delle date disponibili, causa mal tempo la visita pu\u00f2 essere sospesa o rimandata, a questo proposito 48 ore prima deve essere fatta una telefonata al 3398183676 per conferma, stessa condizione se il percorso \u00e8 inagibile. Non sono permessi come calzature, sandali e ciabatte neppure per gli accompagnatori \u00e8 sicuramente consigliato per migliorare l\u2019impatto con gli animali, un abbigliamento di tonalit\u00e0 verde o beige.. Numero di alunni consentito per appuntamento \u00e8 di 25.<\/p>\n<p>Alla prenotazione deve seguire una telefonata al 339.818.3676<\/p>\n<p>Alla fine del percorso \u00e8 gradita un\u2019offerta di almeno un euro a partecipante, in quanto il centro opera e si sostiene con il frutto del volontariato.<\/p>\n<p>Non sono permesse foto o filmati all\u2019interno del Centro senza preventiva autorizzazione del Responsabile.<\/p>\n<p>&nbsp;<br \/>\nNota bene :<\/p>\n<p>Considerato il luogo in cui si svolge la visita \u00e8 richiesto il massimo silenzio nel rispetto degli ospiti del Centro. Non saranno tollerati schiamazzi ed urla, condizioni che porterebbero alla sospensione della visita.<br \/>\n<strong>\u00a0<\/strong><\/p>\n<p><strong>Argomenti e laboratori a richiesta per le scuole:<\/strong><\/p>\n<p>Approfondimenti: l\u2019importanza dei Centri ed il loro ruolo nella salvaguardia e tutela delle specie in difficolt\u00e0 o ferite.<br \/>\nLaboratorio: Si pu\u00f2 imparare a riconoscere e distinguere un passero da un merlo,riconoscere un pettirosso che cerca cibo sui nostri terrazzi o davanzali durante una fredda giornata invernale o preparare il cibo giusto per il riccio che sverna sotto alle nostre siepi.<\/p>\n<p><strong><em>Sono aperte tutto l\u2019anno le iscrizioni per stagisti delle Universit\u00e0.<\/em><\/strong><\/p>\n<p><strong><em>E\u2019 possibile la visita da parte di gruppi universitari, tutto l\u2019anno.<\/em><\/strong><\/p>\n<p><strong>Il futuro dell\u2019ambiente \u00e8 \u2026<\/strong><\/p>\n<p>Proprio cos\u00ec, il futuro del mondo \u00e8 nei giovani.<br \/>\nSperiamo che i loro propositi non restino fermi al palo e che li difendano anche con i denti.<br \/>\nSperiamo che il tempo e questo mondo cosumistico ed egoista non distolga la loro attenzione dal loro amore alla vita\u2026 aiutare gli animali e l\u2019ambiente.<br \/>\nCe la faranno questi piccoli eroi? Speriamo, i volontari del Centro tifano per loro in modo che un domani, speriamo non troppo lontano, possano darci il cambio nel portare avanti un grande amore per gli animali<\/p>\n<p>Sono tanti i bambini ed i ragazzi che sono venuti a trovarci \u2026<br \/>\n\u2026 e speriamo che siano sempre di pi\u00f9 \u2026<br \/>\nE cosa pi\u00f9 importante, che si portino con loro il desiderio di tornare \u2026<br \/>\nPer le visite al Centro contattare il 339.818.36.76<\/p>\n","protected":false},"excerpt":{"rendered":"<p>Il Centro Fauna Selvatica il Pettirosso sorge su un\u2019ampia area verde all\u2019interno della quale le strutture costruite in base alle recenti norme regionali, ospitano diversi esemplari di fauna selvatica autoctona&#8230;.<\/p>\n","protected":false},"author":3,"featured_media":0,"parent":0,"menu_order":0,"comment_status":"closed","ping_status":"closed","template":"","meta":{"footnotes":""},"class_list":["post-2715","page","type-page","status-publish"],"_links":{"self":[{"href":"https:\/\/www.centrofaunailpettirosso.it\/stage-woo\/wp-json\/wp\/v2\/pages\/2715","targetHints":{"allow":["GET"]}}],"collection":[{"href":"https:\/\/www.centrofaunailpettirosso.it\/stage-woo\/wp-json\/wp\/v2\/pages"}],"about":[{"href":"https:\/\/www.centrofaunailpettirosso.it\/stage-woo\/wp-json\/wp\/v2\/types\/page"}],"author":[{"embeddable":true,"href":"https:\/\/www.centrofaunailpettirosso.it\/stage-woo\/wp-json\/wp\/v2\/users\/3"}],"replies":[{"embeddable":true,"href":"https:\/\/www.centrofaunailpettirosso.it\/stage-woo\/wp-json\/wp\/v2\/comments?post=2715"}],"version-history":[{"count":5,"href":"https:\/\/www.centrofaunailpettirosso.it\/stage-woo\/wp-json\/wp\/v2\/pages\/2715\/revisions"}],"predecessor-version":[{"id":2985,"href":"https:\/\/www.centrofaunailpettirosso.it\/stage-woo\/wp-json\/wp\/v2\/pages\/2715\/revisions\/2985"}],"wp:attachment":[{"href":"https:\/\/www.centrofaunailpettirosso.it\/stage-woo\/wp-json\/wp\/v2\/media?parent=2715"}],"curies":[{"name":"wp","href":"https:\/\/api.w.org\/{rel}","templated":true}]}}