{"id":2735,"date":"2016-10-23T11:23:46","date_gmt":"2016-10-23T09:23:46","guid":{"rendered":"http:\/\/centrofaoe.cluster020.hosting.ovh.net\/?page_id=2735"},"modified":"2021-11-02T22:02:26","modified_gmt":"2021-11-02T21:02:26","slug":"inverno","status":"publish","type":"page","link":"https:\/\/www.centrofaunailpettirosso.it\/stage-woo\/divulgazione\/inverno\/","title":{"rendered":"Inverno alle porte"},"content":{"rendered":"[vc_row type=&#8221;in_container&#8221; scene_position=&#8221;center&#8221; text_color=&#8221;dark&#8221; text_align=&#8221;left&#8221; overlay_strength=&#8221;0.3&#8243;][vc_column column_padding=&#8221;no-extra-padding&#8221; column_padding_position=&#8221;all&#8221; background_color_opacity=&#8221;1&#8243; background_hover_color_opacity=&#8221;1&#8243; width=&#8221;1\/1&#8243;][vc_column_text]\n<div class=\"post-headline\">\n<h1>L\u2019inverno \u00e8 alle porte<\/h1>\n<\/div>\n<div class=\"post-bodycopy clearfix\">\n<h2>Ricorda bene !<br \/>\nDetenere la fauna selvatica \u00e8 un reato!<\/h2>\n<p>Dunque ricordate, se trovate un animale ferito o in difficolt\u00e0 chiamate subito il Centro Fauna Selvatica, il Corpo Forestale o la Polizia Provinciale, a Modena \u00e8 attivo per le emergenze anche il 112.<br \/>\nNon bisogna improvvisarsi salvatore degli animali, perch\u00e9 ci\u00f2 potrebbe portarlo alla morte o incapace di sopravvivere in natura o essere liberato, pensate a lui ed al suo futuro prima di tutto.<br \/>\nDetto questo&#8230;<br \/>\n<img loading=\"lazy\" decoding=\"async\" class=\"size-medium wp-image-4313 alignleft\" src=\"https:\/\/www.centrofaunailpettirosso.it\/stage-woo\/wp-content\/uploads\/2019\/02\/linci_neve-e1635673521938.png\" alt=\"linci nella neve\" width=\"273\" height=\"179\" \/>Sicuramente un\u2019animale in gabbia, anche se questa fosse dorata, non fa certo la sua felicit\u00e0, qualunque esso sia.<br \/>\nNoi, con questi piccoli accorgimenti, vi diamo la possibilit\u00e0 di fare del vostro giardino o terrazzo un\u00a0 angolo di natura in cui gli animali che aiuterete saranno felici e non in gabbia.<br \/>\nE voi farete parte di questo angolo naturale che avrete creato dove potrete osservare i vostri piccoli amici.<\/p>\n<p>&nbsp;<\/p>\n<p><img loading=\"lazy\" decoding=\"async\" class=\"size-medium wp-image-4313 alignleft\" src=\"https:\/\/www.centrofaunailpettirosso.it\/stage-woo\/wp-content\/uploads\/2021\/10\/petti.png\" alt=\"pettirosso nella neve\" width=\"273\" height=\"179\" \/><img loading=\"lazy\" decoding=\"async\" class=\"size-medium wp-image-4312 alignright\" src=\"https:\/\/www.centrofaunailpettirosso.it\/stage-woo\/wp-content\/uploads\/2017\/04\/volontari-nella-neve.jpg\" alt=\"volontari nella neve\" width=\"200\" height=\"300\" \/><\/p>\n<p>Arriva il freddo e dobbiamo pensare a come alimentare i nostri animaletti che bruceranno tante calorie per tenere al caldo il proprio corpicino.<br \/>\nIl mese migliore per incominciare a dare da mangiare ai nostri amici \u00e8 ottobre, perch\u00e9 cos\u00ec prenderanno il nostro giardino o terrazzo come punto di riferimento per alimentarsi durante la stagione fredda.<br \/>\nE\u2019 importantissimo, prima di iniziare a dare da mangiare ai nostri amici, pensare alla nostra disponibilit\u00e0 a fare tutto ci\u00f2 fino a primavera. Questo perch\u00e9? Se noi sospendiamo la somministrazione di cibo nella stagione fredda, perch\u00e9 andiamo in vacanza o per qualsiasi altro motivo, rischiamo di condannare a morire di freddo e fame i nostri animaletti, perch\u00e9 non avranno abbastanza riserve per cercare altri punti di riferimento.<\/p>\n<p style=\"text-align: center;\"><strong>DUNQUE, PENSIAMOCI BENE!<\/strong><\/p>\n<hr \/>\n<p>Durante la bella stagione abbiamo visto e osservato tanti animaletti che hanno vissuto nel nostro giardino, o pi\u00f9 semplicemente ne abbiamo solo visto le tracce. Ora che andiamo verso la stagione fredda dobbiamo pensare come aiutarli. Perch\u00e9 non tutti vanno a dormire con il letargo.<\/p>\n<p><img loading=\"lazy\" decoding=\"async\" class=\"size-medium wp-image-4304 alignleft\" src=\"https:\/\/www.centrofaunailpettirosso.it\/stage-woo\/wp-content\/uploads\/2017\/04\/capriolo-inverno.jpg\" alt=\"\" width=\"300\" height=\"225\" \/>Questi animaletti sono tra i pi\u00f9 comuni ma ce ne potrebbero essere tanti altri nel vostro giardino\u2026cinciarelle, cincie, sparvieri, gheppi, faine, donnole, ecc. E\u2019 importante posizionare le mangiatoie in un posto facilmente raggiungibile dagli animali e abbastanza protette dalle intemperie e soprattutto, per quanto riguarda gli uccelli, fori dalla portata del nostro gatto o quello del vicino, che troveranno la mangiatoia una idea brillante dove fare gli agguati mortali a quelli che vengono a nutrirsi.<strong>Cosa dare da mangiare?\u00a0<\/strong>Ogni animale ha la sua corretta alimentazione, sbagliare vuol dire danneggiare i loro organi interni e compromettere la loro salute.Se un animale mangia un boccone che gli piace pi\u00f9 di un altro, non \u00e8 detto che quello che stanno mangiando sia corretto e salutare. Ad esempio, <strong>il latte vaccino non \u00e8 adatto per nessun animale<\/strong>!<img loading=\"lazy\" decoding=\"async\" class=\"size-medium wp-image-4310 alignright\" src=\"https:\/\/www.centrofaunailpettirosso.it\/stage-woo\/wp-content\/uploads\/2017\/03\/liberazione-volpe-nella-neve.jpg\" alt=\"\" width=\"300\" height=\"201\" \/><\/p>\n<\/div>\n<div class=\"post-bodycopy clearfix\">\n<p>Ricordiamoci di lasciare sempre un sottovaso con due dita d\u2019acqua a disposizione dei nostri piccoli amici. Ed occhio che non si formi il ghiaccio, in quel caso cambiate l\u2019acqua o rompete il ghiaccio. Posizionate la vaschetta in una zona soleggiata. Buona idea mettere nell\u2019acqua delle vitamine importanti per loro, poche gocce di Idroplurivit o Piumedor (per gli uccelli)<\/p>\n<p>.\u00a0<img loading=\"lazy\" decoding=\"async\" class=\"size-medium wp-image-4319 alignleft\" src=\"https:\/\/www.centrofaunailpettirosso.it\/stage-woo\/wp-content\/uploads\/2021\/10\/1635670768828.jpg\" alt=\"\" width=\"300\" height=\"200\" \/>I passeriformi si dividono in <em>granivori<\/em> ed <em>insettivori.<\/em> I primi si alimentano di granaglie, semi, ecc. I secondi si nutrono con insetti e visto che non possiamo trovare insetti in grande quantit\u00e0 e soprattutto nella stagione fredda, dunque in commercio troveremo tanti mangimi in pellet o in pastoni preconfezionati con bacche insetti ecc. Si pu\u00f2 anche mettere a disposizione un\u2019 impasto fatto con lardo e semi e cereali. Molto importanti per le cincie, sono i bagigi o meglio le noccioline americane tostate.In commercio nei negozi troviamo tanti mangimi ma bisogna vedere in quale periodo dell\u2019anno si somministrano perch\u00e9, come noi, gli animali selvatici hanno esigenze alimentari ben giuste e definite.<br \/>\nNaturalmente dovremmo sapere che alcuni animali popolano il nostro giardino, altri potrebbero fare capolino e trovarci attirati dalle nostre mangiatoie, dunque ci premuniremo di fare mangiatoie per varie specie di uccelli o animali.\u00a0Importante non dare cibo avariato o, se vediamo che si \u00e8 inumidito, dovremo sos<img loading=\"lazy\" decoding=\"async\" class=\"size-medium wp-image-3727 alignright\" src=\"https:\/\/www.centrofaunailpettirosso.it\/stage-woo\/wp-content\/uploads\/2017\/09\/tordo-300x225.jpg\" alt=\"\" width=\"300\" height=\"225\" srcset=\"https:\/\/www.centrofaunailpettirosso.it\/stage-woo\/wp-content\/uploads\/2017\/09\/tordo-300x225.jpg 300w, https:\/\/www.centrofaunailpettirosso.it\/stage-woo\/wp-content\/uploads\/2017\/09\/tordo-600x450.jpg 600w, https:\/\/www.centrofaunailpettirosso.it\/stage-woo\/wp-content\/uploads\/2017\/09\/tordo-768x576.jpg 768w, https:\/\/www.centrofaunailpettirosso.it\/stage-woo\/wp-content\/uploads\/2017\/09\/tordo.jpg 800w\" sizes=\"auto, (max-width: 300px) 100vw, 300px\" \/>tituirlo e pulire la mangiatoia, perch\u00e9 in questa situazione potrebbero nascere delle muffe, fatali per l\u2019organismo dei nostri amici. A questo proposito vi diamo un consiglio: foderate di pellicola d\u2019 alluminio il posto dove andrete a collocare il mangime, o mettete una vaschetta in plastica, per poter lavarla ed asciugarla accuratamente. Agli <strong>scoiattoli<\/strong>, sar\u00e0 sufficiente mettere a disposizione noci\u00a0 o nocciole in quantit\u00e0, alla base di una pianta dove notiamo le loro tracce, attenzione che i gatti non gli facciano agguati ai vostri ospiti.<\/p>\n<p><img loading=\"lazy\" decoding=\"async\" class=\"size-medium wp-image-3725 alignleft\" src=\"https:\/\/www.centrofaunailpettirosso.it\/stage-woo\/wp-content\/uploads\/2017\/09\/riccio-300x225.jpg\" alt=\"\" width=\"300\" height=\"225\" srcset=\"https:\/\/www.centrofaunailpettirosso.it\/stage-woo\/wp-content\/uploads\/2017\/09\/riccio-300x225.jpg 300w, https:\/\/www.centrofaunailpettirosso.it\/stage-woo\/wp-content\/uploads\/2017\/09\/riccio-600x450.jpg 600w, https:\/\/www.centrofaunailpettirosso.it\/stage-woo\/wp-content\/uploads\/2017\/09\/riccio-768x576.jpg 768w, https:\/\/www.centrofaunailpettirosso.it\/stage-woo\/wp-content\/uploads\/2017\/09\/riccio.jpg 800w\" sizes=\"auto, (max-width: 300px) 100vw, 300px\" \/>Il <strong>riccio <\/strong>cosa mangia in questo periodo? In commercio troviamo dei mangimi tedeschi proprio per i ricci, in mancanza di questi potete mettere a disposizione dei piccoli amici dei croccantini da gatto di buona qualit\u00e0 (perch\u00e9 non proprio appropriati per il loro organismo che in questo periodo rallenta, pertanto quelle sostanze che non riesce a metabolizzare, si sedimentano negli organi, danneggiandoli), dei piccoli pezzi di carne o macinato e un po\u2019 di frutta come le mele. Niente formaggi latte o latticini.\u00a0Un grosso aiuto lo potete dare ai vostri amici anche <strong>piantando nel vostro giardino o terrazzo delle piante o arbusti che forniscono delle bacche<\/strong> ricche di vitamine ai nostri amici (una vigna con uva, una pianta di cachi, una pianta di sorbo). Sono apprezzati i semi che le piante producono tutti gli anni come:<\/p>\n<ul>\n<li>Betulla<\/li>\n<li>Carpino<\/li>\n<li>Acero campestre<\/li>\n<\/ul>\n<p>&nbsp;<\/p>\n<hr \/>\n<p>Per approfondire\u2026<\/p>\n<p><a title=\"Come aiutare gli uccelli in inverno \" href=\"http:\/\/it.wikihow.com\/Attirare-gli-Uccelli\">Come aiutare gli uccelli in inverno<\/a>\u00a0 \u00a0 \u00a0da WikiHow<\/p>\n<\/div>\n[\/vc_column_text][\/vc_column][\/vc_row]\n","protected":false},"excerpt":{"rendered":"<p>[vc_row type=&#8221;in_container&#8221; scene_position=&#8221;center&#8221; text_color=&#8221;dark&#8221; text_align=&#8221;left&#8221; overlay_strength=&#8221;0.3&#8243;][vc_column column_padding=&#8221;no-extra-padding&#8221; column_padding_position=&#8221;all&#8221; background_color_opacity=&#8221;1&#8243; background_hover_color_opacity=&#8221;1&#8243; width=&#8221;1\/1&#8243;][vc_column_text] L\u2019inverno \u00e8 alle porte Ricorda bene ! Detenere la fauna selvatica \u00e8 un reato! Dunque ricordate, se trovate un&#8230;<\/p>\n","protected":false},"author":3,"featured_media":3725,"parent":14,"menu_order":0,"comment_status":"closed","ping_status":"closed","template":"","meta":{"footnotes":""},"class_list":["post-2735","page","type-page","status-publish","has-post-thumbnail"],"_links":{"self":[{"href":"https:\/\/www.centrofaunailpettirosso.it\/stage-woo\/wp-json\/wp\/v2\/pages\/2735","targetHints":{"allow":["GET"]}}],"collection":[{"href":"https:\/\/www.centrofaunailpettirosso.it\/stage-woo\/wp-json\/wp\/v2\/pages"}],"about":[{"href":"https:\/\/www.centrofaunailpettirosso.it\/stage-woo\/wp-json\/wp\/v2\/types\/page"}],"author":[{"embeddable":true,"href":"https:\/\/www.centrofaunailpettirosso.it\/stage-woo\/wp-json\/wp\/v2\/users\/3"}],"replies":[{"embeddable":true,"href":"https:\/\/www.centrofaunailpettirosso.it\/stage-woo\/wp-json\/wp\/v2\/comments?post=2735"}],"version-history":[{"count":32,"href":"https:\/\/www.centrofaunailpettirosso.it\/stage-woo\/wp-json\/wp\/v2\/pages\/2735\/revisions"}],"predecessor-version":[{"id":5399,"href":"https:\/\/www.centrofaunailpettirosso.it\/stage-woo\/wp-json\/wp\/v2\/pages\/2735\/revisions\/5399"}],"up":[{"embeddable":true,"href":"https:\/\/www.centrofaunailpettirosso.it\/stage-woo\/wp-json\/wp\/v2\/pages\/14"}],"wp:featuredmedia":[{"embeddable":true,"href":"https:\/\/www.centrofaunailpettirosso.it\/stage-woo\/wp-json\/wp\/v2\/media\/3725"}],"wp:attachment":[{"href":"https:\/\/www.centrofaunailpettirosso.it\/stage-woo\/wp-json\/wp\/v2\/media?parent=2735"}],"curies":[{"name":"wp","href":"https:\/\/api.w.org\/{rel}","templated":true}]}}