{"id":2737,"date":"2016-10-23T11:24:01","date_gmt":"2016-10-23T09:24:01","guid":{"rendered":"http:\/\/centrofaoe.cluster020.hosting.ovh.net\/?page_id=2737"},"modified":"2016-10-23T12:25:07","modified_gmt":"2016-10-23T10:25:07","slug":"antibracconaggio","status":"publish","type":"page","link":"https:\/\/www.centrofaunailpettirosso.it\/stage-woo\/antibracconaggio\/","title":{"rendered":"Antibracconaggio"},"content":{"rendered":"<div class=\"post-headline\">\n<h1>Antibracconaggio<\/h1>\n<\/div>\n<div class=\"post-bodycopy clearfix\">\n<p><img loading=\"lazy\" decoding=\"async\" class=\"alignleft size-full wp-image-130\" title=\"antibracconaggio04\" src=\"\/wp-content\/uploads\/imgs_old_site\/uploads\/2009\/07\/antibracconaggio04.jpg\" alt=\"antibracconaggio04\" width=\"341\" height=\"293\" \/>Antibracconaggio \u2026 sembra una parola di altri tempi, invece viviamo in un paese dove il bracconaggio \u00e8 diffusissimo.<br \/>\nSpesso nascondendolo vilmente dietro alla giustificazione delle antiche tradizioni. Tradizioni di quando c\u2019erano carestie, guerre, povert\u00e0, tutti problemi che negli anni 2000 non esistono pi\u00f9 nel nostro paese.<br \/>\nNascono nuove parole, come: derogha che permette di uccidere impunemente in Italia, delle specie di animali protetti a livello europeo. Abbattimento per scopi scientifici: veri e propri massacri di animali come: foche, balene, ecc. da parte di quelle nazioni che diversamente non potrebbero cacciare, come il Canada, il Giappone, l\u2019Islanda, Norvegia \u2026<br \/>\nA fronte di questo nasce il Boicottaggio turistico: informare la popolazione turistica, di cosa capita in quel determinato paese, e che se andasse da un\u2019altra parte sarebbe un modo per fare sentire la propria voce contro i massacri ingiustamente pertretati, facendogli mancare il supporto finanziario dato dalle nostre vacanze, in modo che le istituzioni\u00a0 debbano essere messe di fronte a delle scelte economiche \u2013 morali.Turismo ecologico, o naturalistico: localit\u00e0 come il mar Mediterraneo, il Messico il Kenya il Sud Africa, ecc. dove si sono convertite le attivit\u00e0 meno nobili che massacravano gli animali con la tutela dell\u2019ambiente e delle specie animali presenti sul territorio organizzando safari nel pieno rispetto dell\u2019animale, accompagnando i visitatori a sparare con le loro macchine fotografiche, creando delle bellissime immagini con un semplice clik!<br \/>\nPensate che il traffico di animali \u00e8 secondo come mercato,\u00a0 solo allo spaccio di stupefacenti, seguono armi, prostituzione, ecc.<br \/>\nSpesso il mancato rispetto delle legge e il sottovalutare il fenomeno da parte di certe istituzioni o organi di polizia, porta al dilagare del fenomeno che sempre pi\u00f9 spesso vede infiltrazioni a carattere di crimine organizzato nel fenomeno del bracconaggio o traffico di animali.Ma per fortuna c\u2019\u00e8 una goccia nell\u2019oceano del bracconaggio, una goccia formata dal NOA del Corpo Forestale dello Stato dalla Guardia di Finanza, Carabinieri, e Polizia, ma cosa molto importante \u00e8 una goccia formata anche dai volontari delle associazioni, che vigilano e non si risparmiano nella lotta a questo fenomeno, vigliacco\u2026<\/p>\n<p><strong>I nostri campi<\/strong><br \/>\nPartono nuovamente i campi antibracconaggio, nel pieno rispetto delle leggi e della legalit\u00e0.<br \/>\nRealizzati in collaborazione con forze di polizia locali e nazionali.<br \/>\nIn Italia ed in Europa i campi che svolgiamo con altre associazioni come KOMITEE gegen den Vogelmord \u2013 WWF \u2013 LIPU \u2013 LAC \u2013 LAV \u2013 CSA\u00a0 sono numerosi ed \u00e8 per questo che cerchiamo sempre pi\u00f9 gente che ci aiuti finanziariamente o pi\u00f9 semplicemente partecipando ad un campo.<br \/>\nCon la possibilit\u00e0 di frequentare un corso per diventare una Guardia Giurata Particolare Volontaria, di un\u2019associazione sopra mensionata.<\/p>\n<p><strong>Marzo \u2013 Aprile<\/strong> : Campagna (Ischia \u2013 Procida \u2013 Sorrento). Lazio \u2013 Latina (Isola di Ponza)<br \/>\n<strong>Ottobre <\/strong>: Lombardia (Bergamo \u2013 Brescia)<br \/>\n<strong>Novembre <\/strong>: Delta del Po ed alto Adriatico<br \/>\n<strong>Dicembre <\/strong>: Sardegna<\/p>\n<p><strong>Brescianit\u00e0<\/strong><\/p>\n<p><img loading=\"lazy\" decoding=\"async\" class=\"alignleft size-full wp-image-127\" title=\"antibracconaggio01\" src=\"\/wp-content\/uploads\/imgs_old_site\/uploads\/2009\/07\/antibracconaggio01.jpg\" alt=\"antibracconaggio01\" width=\"145\" height=\"215\" \/>Un piccolo pettirosso \u00e8 finito in un archetto, trappola molto diffusa nelle valli bresciane, (Val Trompia, le valli che si affacciano sul Lago d\u2019Iseo, e la parte occidentale del Lago di Garda, Val Sabbia ecc\u2026)<br \/>\nLa trappola praticamente spezza le gambe a questi piccoli ed indifesi esseri viventi, lasciandoli vivi e agonizzanti.<br \/>\nE parlano di paese civile\u2026<img loading=\"lazy\" decoding=\"async\" class=\"alignright size-full wp-image-128\" title=\"antibracconaggio02\" src=\"\/wp-content\/uploads\/imgs_old_site\/uploads\/2009\/07\/antibracconaggio02.jpg\" alt=\"antibracconaggio02\" width=\"248\" height=\"156\" \/><\/p>\n<p>\u2026 ma questa volta \u00e8 stato fortunato, perch\u00e9 un volontario che perlustrava la zona lo ha individuato e salvato, ha una sola zampa rotta, dunque se la caver\u00e0 anche solo con una zampa.<br \/>\nLo si \u00e8 potuto appurare con i pettirossi portati presso il centro, che hanno una vita normalissima.<\/p>\n<p><img loading=\"lazy\" decoding=\"async\" class=\"alignleft size-full wp-image-129\" title=\"antibracconaggio03\" src=\"\/wp-content\/uploads\/imgs_old_site\/uploads\/2009\/07\/antibracconaggio03.jpg\" alt=\"antibracconaggio03\" width=\"169\" height=\"255\" \/>\u2026 Purtroppo tanti altri non sono stati cos\u00ec fortunati\u2026 \u2026 E quando dico tanti altri parlo di centinaia, migliaia\u2026 e ancora migliaia\u2026<\/p>\n<p>Poi vi sono nei boschi, sui crinali, anche tante reti, invisibili a questi piccoli indifesi\u2026\u2026e a volte il gioco crudele e inutile si spinge oltre ogni perversione, lasciandoli marcire nelle reti. Scriccioli, passere scopaiole, pettirossi, capinere, e tanti altri uccellini vanno a guarnire la <strong>maledetta e vietata<\/strong> \u201cpolenta e usei\u201d\u2026 Non solo uccellini ma tanti altri abitanti del bosco muoiono tra sofferenze inimmaginabili\u2026<\/p>\n<p>\u2026 per chi ama gli animali, non solo a parole seduto comodamente in un salotto, penso che non ci sia gioia pi\u00f9 grande, di quella di poter salvare la cosa pi\u00f9 importante per un\u2019 essere vivente\u2026 LA VITA !<\/p>\n<p>\u2026 diventa sempre pi\u00f9 difficile vedere volare un pettirosso.<br \/>\nDomani a tuo figlio, farai vedere un pettirosso bresciano appeso per le zampe o un pettirosso europeo?<br \/>\nLa scelta \u00e8 anche tua, non girare le spalle alla vita,\u00a0 gestiscila, non accontentarti di fare vedere una foto di un pettirosso a tuo figlio.<br \/>\nSe lui domani ti chieder\u00e0 perch\u00e9 non ce ne sono pi\u00f9 cosa gli risponderai?<br \/>\nPerch\u00e9 non ho fatto nulla per salvarne per il tuo futuro!<\/p>\n<p><strong>L\u2019indifferenza uccide!<\/strong><\/p>\n<p><img loading=\"lazy\" decoding=\"async\" class=\"aligncenter size-full wp-image-131\" title=\"antibracconaggio05\" src=\"\/wp-content\/uploads\/imgs_old_site\/uploads\/2009\/07\/antibracconaggio05.jpg\" alt=\"antibracconaggio05\" width=\"329\" height=\"500\" \/><\/p>\n<\/div>\n","protected":false},"excerpt":{"rendered":"<p>Antibracconaggio Antibracconaggio \u2026 sembra una parola di altri tempi, invece viviamo in un paese dove il bracconaggio \u00e8 diffusissimo. Spesso nascondendolo vilmente dietro alla giustificazione delle antiche tradizioni. Tradizioni di&#8230;<\/p>\n","protected":false},"author":3,"featured_media":0,"parent":0,"menu_order":0,"comment_status":"closed","ping_status":"closed","template":"","meta":{"footnotes":""},"class_list":["post-2737","page","type-page","status-publish"],"_links":{"self":[{"href":"https:\/\/www.centrofaunailpettirosso.it\/stage-woo\/wp-json\/wp\/v2\/pages\/2737","targetHints":{"allow":["GET"]}}],"collection":[{"href":"https:\/\/www.centrofaunailpettirosso.it\/stage-woo\/wp-json\/wp\/v2\/pages"}],"about":[{"href":"https:\/\/www.centrofaunailpettirosso.it\/stage-woo\/wp-json\/wp\/v2\/types\/page"}],"author":[{"embeddable":true,"href":"https:\/\/www.centrofaunailpettirosso.it\/stage-woo\/wp-json\/wp\/v2\/users\/3"}],"replies":[{"embeddable":true,"href":"https:\/\/www.centrofaunailpettirosso.it\/stage-woo\/wp-json\/wp\/v2\/comments?post=2737"}],"version-history":[{"count":2,"href":"https:\/\/www.centrofaunailpettirosso.it\/stage-woo\/wp-json\/wp\/v2\/pages\/2737\/revisions"}],"predecessor-version":[{"id":2751,"href":"https:\/\/www.centrofaunailpettirosso.it\/stage-woo\/wp-json\/wp\/v2\/pages\/2737\/revisions\/2751"}],"wp:attachment":[{"href":"https:\/\/www.centrofaunailpettirosso.it\/stage-woo\/wp-json\/wp\/v2\/media?parent=2737"}],"curies":[{"name":"wp","href":"https:\/\/api.w.org\/{rel}","templated":true}]}}