{"id":29,"date":"2016-05-23T06:57:56","date_gmt":"2016-05-23T04:57:56","guid":{"rendered":"http:\/\/centrofaoe.cluster020.hosting.ovh.net\/?page_id=29"},"modified":"2024-04-02T19:00:15","modified_gmt":"2024-04-02T17:00:15","slug":"adozioni","status":"publish","type":"page","link":"https:\/\/www.centrofaunailpettirosso.it\/stage-woo\/adozioni\/","title":{"rendered":"Adozioni a distanza"},"content":{"rendered":"[vc_row type=&#8221;in_container&#8221; scene_position=&#8221;center&#8221; text_color=&#8221;dark&#8221; text_align=&#8221;left&#8221; overlay_strength=&#8221;0.3&#8243;][vc_column column_padding=&#8221;no-extra-padding&#8221; column_padding_position=&#8221;all&#8221; background_color_opacity=&#8221;1&#8243; background_hover_color_opacity=&#8221;1&#8243; width=&#8221;1\/1&#8243;][vc_column_text]\n<div class=\"post-headline\">\n<h2>Adozioni a distanza<\/h2>\n<\/div>\n<div class=\"post-bodycopy clearfix\">\n<p><strong>Adotta a distanza un animaletto che \u00e8 rimasto solo, abbandonato,\u00a0 ammalato o ferito!!!<\/strong><\/p>\n<div style=\"width: 640px;\" class=\"wp-video\"><!--[if lt IE 9]><script>document.createElement('video');<\/script><![endif]-->\n<video class=\"wp-video-shortcode\" id=\"video-29-1\" width=\"640\" height=\"360\" preload=\"metadata\" controls=\"controls\"><source type=\"video\/mp4\" src=\"https:\/\/www.centrofaunailpettirosso.it\/stage-woo\/wp-content\/uploads\/2019\/04\/Adozioni-a-distanza....mp4?_=1\" \/><a href=\"https:\/\/www.centrofaunailpettirosso.it\/stage-woo\/wp-content\/uploads\/2019\/04\/Adozioni-a-distanza....mp4\">https:\/\/www.centrofaunailpettirosso.it\/stage-woo\/wp-content\/uploads\/2019\/04\/Adozioni-a-distanza....mp4<\/a><\/video><\/div>\n<p><strong>A volte ci sono animaletti\u2026..<\/strong><\/p>\n<ul>\n<li>Che restano nella tana o nel nido, senza vedere tornare la loro mamma, perch\u00e9 si \u00e8 ammalata ho ha fatto un incidente con una macchina, o ancora peggio \u00e8 morta perch\u00e9 presa in una trappola o uccisa da un fucile, o qualche uomo malvagio l\u2019ha avvelenata.<\/li>\n<li>Questi piccoli morirebbero certamente se gli amici dell\u2019ospedale del bosco non li aiutassero.<\/li>\n<\/ul>\n<p><strong>Ma niente paura\u2026<\/strong><\/p>\n<ul>\n<li>Tutti gli animaletti vengono aiutati dai volontari dell\u2019Ospedale del Bosco.<\/li>\n<li>Ma a volte anche i volontari che aiutano questi animali vanno aiutati perch\u00e9 gli ospiti tutti gli anni sono sempre di pi\u00f9.<\/li>\n<li>Altre volte ci sono animaletti che anche se guariti non possono essere liberati perch\u00e9: quando sono arrivati all\u2019ospedale erano troppo gravi.<\/li>\n<\/ul>\n<p><strong>Tu piccolo grande amico come puoi aiutarci?<\/strong><\/p>\n<ul>\n<li>Potresti adottare da casa, un animaletto che non pu\u00f2 tornare libero.<\/li>\n<li>Puoi venirlo a trovare in una bella giornata di sole e non lo vedrai da fuori la gabbia, ma potrai stare dentro con lui, perch\u00e9 le nostre non sono gabbie ma voliere altissime, larghissime e lunghissime, dove all\u2019interno abbiamo riprodotto il sottobosco con piante fiori ed arbusti.<\/li>\n<li>Potrai vedere i tuoi amici come crescono, vivono e dargli da mangiare con i volontari del Centro.<\/li>\n<\/ul>\n<p><strong>Leggi bene !!!<\/strong><\/p>\n<ul>\n<li>Potrai adottare anche un animaletto che una volta guarito, insieme a noi, potrai venire a liberare nella sua nuova casa.<\/li>\n<li>Guarda le foto dell\u2019album, e scegli che animaletto adottare da casa.<\/li>\n<li>Noi ti terremo informato sulle novit\u00e0 del tuo nuovo amico, ti manderemo anche delle foto che potrai fare vedere a scuola o agli amici.<\/li>\n<\/ul>\n<p><strong>Potrai dire: io ho aiutato e salvato questo mio amico!!!<\/strong><br \/>\n<strong>Modalit\u00e0 di contributo<\/strong><\/p>\n<ul>\n<li>pagamento con carta di credito o debito tramite <strong>Paypal<\/strong>\u00a0cliccando sul tasto DONAZIONE<\/li>\n<li>bonifico bancario <strong>c\/c Unicredit iban IT90U0200812932000101505546<\/strong><\/li>\n<\/ul>\n<p>Specificando nella causale\u00a0 del versamento il NOME dell\u2019amico che hai scelto d\u2019aiutare.<br \/>\nIl costo \u00e8 di <strong>euro 0.50 al giorno<\/strong> (cifra simbolica) per aiutarci a comprare le medicine ed il mangiare.<br \/>\n30 giorni sono il periodo pi\u00f9 breve che si pu\u00f2 sottoscrivere.<br \/>\nAlcuni esempi:<br \/>\n<strong>30 gg \u00a0 \u00a0 \u00a0 \u00a0 \u00a0 \u00a0 \u00a0 euro 15,00<\/strong><br \/>\n<strong> 60 gg \u00a0 \u00a0 \u00a0 \u00a0 \u00a0 \u00a0 \u00a0 euro\u00a0 30,00<\/strong><br \/>\n<strong> 180 gg \u00a0 \u00a0 \u00a0 \u00a0 \u00a0 \u00a0 euro\u00a0 90,00<\/strong><br \/>\n<strong> 1 anno \u00a0 \u00a0 \u00a0 \u00a0 \u00a0 \u00a0 euro\u00a0 182,00<\/strong><\/p>\n<p>Ora non ti resta che scegliere l\u2019amico !<\/p>\n<\/div>\n[\/vc_column_text][\/vc_column][\/vc_row]\n","protected":false},"excerpt":{"rendered":"<p>[vc_row type=&#8221;in_container&#8221; scene_position=&#8221;center&#8221; text_color=&#8221;dark&#8221; text_align=&#8221;left&#8221; overlay_strength=&#8221;0.3&#8243;][vc_column column_padding=&#8221;no-extra-padding&#8221; column_padding_position=&#8221;all&#8221; background_color_opacity=&#8221;1&#8243; background_hover_color_opacity=&#8221;1&#8243; width=&#8221;1\/1&#8243;][vc_column_text] Adozioni a distanza Adotta a distanza un animaletto che \u00e8 rimasto solo, abbandonato,\u00a0 ammalato o ferito!!! https:\/\/www.centrofaunailpettirosso.it\/stage-woo\/wp-content\/uploads\/2019\/04\/Adozioni-a-distanza&#8230;.mp4 A volte&#8230;<\/p>\n","protected":false},"author":1,"featured_media":0,"parent":0,"menu_order":0,"comment_status":"closed","ping_status":"closed","template":"","meta":{"footnotes":""},"class_list":["post-29","page","type-page","status-publish"],"_links":{"self":[{"href":"https:\/\/www.centrofaunailpettirosso.it\/stage-woo\/wp-json\/wp\/v2\/pages\/29","targetHints":{"allow":["GET"]}}],"collection":[{"href":"https:\/\/www.centrofaunailpettirosso.it\/stage-woo\/wp-json\/wp\/v2\/pages"}],"about":[{"href":"https:\/\/www.centrofaunailpettirosso.it\/stage-woo\/wp-json\/wp\/v2\/types\/page"}],"author":[{"embeddable":true,"href":"https:\/\/www.centrofaunailpettirosso.it\/stage-woo\/wp-json\/wp\/v2\/users\/1"}],"replies":[{"embeddable":true,"href":"https:\/\/www.centrofaunailpettirosso.it\/stage-woo\/wp-json\/wp\/v2\/comments?post=29"}],"version-history":[{"count":14,"href":"https:\/\/www.centrofaunailpettirosso.it\/stage-woo\/wp-json\/wp\/v2\/pages\/29\/revisions"}],"predecessor-version":[{"id":5887,"href":"https:\/\/www.centrofaunailpettirosso.it\/stage-woo\/wp-json\/wp\/v2\/pages\/29\/revisions\/5887"}],"wp:attachment":[{"href":"https:\/\/www.centrofaunailpettirosso.it\/stage-woo\/wp-json\/wp\/v2\/media?parent=29"}],"curies":[{"name":"wp","href":"https:\/\/api.w.org\/{rel}","templated":true}]}}