{"id":3579,"date":"2017-07-15T11:04:33","date_gmt":"2017-07-15T09:04:33","guid":{"rendered":"http:\/\/www.centrofaunaselvatica.it\/?page_id=3579"},"modified":"2017-12-21T22:28:05","modified_gmt":"2017-12-21T21:28:05","slug":"2017-3","status":"publish","type":"page","link":"https:\/\/www.centrofaunailpettirosso.it\/stage-woo\/2017-3\/","title":{"rendered":"2017"},"content":{"rendered":"<p><small><a href=\"https:\/\/www.youtube.com\/watch?v=r2kxgmL4lKg&amp;feature=youtu.be\">Per restare sempre aggiornati, iscriviti al nostro canale su YouTube!<\/a><\/small><\/p>\n<h2>Liberazione pettirossi presso il nostro centro 16 Dicembre 2017<\/h2>\n[easy_youtube_gallery id=fN35MCqeDCo cols=3 ar=16_9 thumbnail=1]\n<h2>Operazione pettirosso contro il bracconaggio<\/h2>\n[easy_youtube_gallery id=xpe-QJ1tVmE cols=3 ar=16_9 thumbnail=1]\n<h2><strong>Antibracconaggio 2017 <\/strong><\/h2>\n[easy_youtube_gallery id=gycJnrymqoU cols=3 ar=16_9 thumbnail=1]\n<h2><strong>Siccit\u00e0, decimata la fauna selvatica <\/strong><\/h2>\n[easy_youtube_gallery id=LfFeQ3vehlE cols=3 ar=16_9 thumbnail=1]\n<h2><strong>Grande partecipazione alla Notte delle Civette 2017<\/strong><\/h2>\n<div id=\"fb-root\"><\/div>\n<p><script>(function(d, s, id) {\nvar js, fjs = d.getElementsByTagName(s)[0];\nif (d.getElementById(id)) return;\njs = d.createElement(s); js.id = id;\njs.src = \"\/\/connect.facebook.net\/it_IT\/sdk.js#xfbml=1&version=v2.9\";\nfjs.parentNode.insertBefore(js, fjs);\n}(document, 'script', 'facebook-jssdk'));<\/script><\/p>\n<div class=\"fb-video\" data-href=\"https:\/\/www.facebook.com\/centrofaunaselvaticailpettirosso\/videos\/1359475494102264\/\" data-show-text=\"true\" data-width=\"500\">\n<blockquote class=\"fb-xfbml-parse-ignore\" cite=\"https:\/\/www.facebook.com\/centrofaunaselvaticailpettirosso\/videos\/1359475494102264\/\"><p>&nbsp;<\/p>\n<p>Per noi \u00e8 stato un successo grazie a tutti voi, ma giudicate voi stessi&#8230; Perch\u00e9 il Pettirosso non fa e non ha MAI fatto vani tentativi di riuscita quando \u00e8 in gioco una vita!!!<\/p>\n<p>Pubblicato da <a href=\"https:\/\/www.facebook.com\/centrofaunaselvaticailpettirosso\/\">Centro Fauna Selvatica Il pettirosso<\/a> su Venerd\u00ec 14 luglio 2017<\/p><\/blockquote>\n<\/div>\n","protected":false},"excerpt":{"rendered":"<p>Per restare sempre aggiornati, iscriviti al nostro canale su YouTube! Liberazione pettirossi presso il nostro centro 16 Dicembre 2017 [easy_youtube_gallery id=fN35MCqeDCo cols=3 ar=16_9 thumbnail=1] Operazione pettirosso contro il bracconaggio [easy_youtube_gallery&#8230;<\/p>\n","protected":false},"author":3,"featured_media":0,"parent":0,"menu_order":0,"comment_status":"closed","ping_status":"closed","template":"","meta":{"footnotes":""},"class_list":["post-3579","page","type-page","status-publish"],"_links":{"self":[{"href":"https:\/\/www.centrofaunailpettirosso.it\/stage-woo\/wp-json\/wp\/v2\/pages\/3579","targetHints":{"allow":["GET"]}}],"collection":[{"href":"https:\/\/www.centrofaunailpettirosso.it\/stage-woo\/wp-json\/wp\/v2\/pages"}],"about":[{"href":"https:\/\/www.centrofaunailpettirosso.it\/stage-woo\/wp-json\/wp\/v2\/types\/page"}],"author":[{"embeddable":true,"href":"https:\/\/www.centrofaunailpettirosso.it\/stage-woo\/wp-json\/wp\/v2\/users\/3"}],"replies":[{"embeddable":true,"href":"https:\/\/www.centrofaunailpettirosso.it\/stage-woo\/wp-json\/wp\/v2\/comments?post=3579"}],"version-history":[{"count":12,"href":"https:\/\/www.centrofaunailpettirosso.it\/stage-woo\/wp-json\/wp\/v2\/pages\/3579\/revisions"}],"predecessor-version":[{"id":3894,"href":"https:\/\/www.centrofaunailpettirosso.it\/stage-woo\/wp-json\/wp\/v2\/pages\/3579\/revisions\/3894"}],"wp:attachment":[{"href":"https:\/\/www.centrofaunailpettirosso.it\/stage-woo\/wp-json\/wp\/v2\/media?parent=3579"}],"curies":[{"name":"wp","href":"https:\/\/api.w.org\/{rel}","templated":true}]}}